{"id":67,"date":"2023-04-17T23:12:51","date_gmt":"2023-04-17T20:12:51","guid":{"rendered":"https:\/\/medipohealthtravelagency.com\/?page_id=67"},"modified":"2023-04-18T00:07:06","modified_gmt":"2023-04-17T21:07:06","slug":"a-propos-de-nous","status":"publish","type":"page","link":"https:\/\/medipohealthtravelagency.com\/?page_id=67&lang=fr","title":{"rendered":"\u00c0 propos de nous"},"content":{"rendered":"\n<div class=\"wp-block-cover alignfull\"><span aria-hidden=\"true\" class=\"wp-block-cover__background has-background-dim\"><\/span><img loading=\"lazy\" decoding=\"async\" width=\"1600\" height=\"500\" class=\"wp-block-cover__image-background wp-image-60\" alt=\"\" src=\"https:\/\/medipohealthtravelagency.com\/wp-content\/uploads\/2023\/04\/about-us-banner-desktop-1.jpg\" data-object-fit=\"cover\" srcset=\"https:\/\/medipohealthtravelagency.com\/wp-content\/uploads\/2023\/04\/about-us-banner-desktop-1.jpg 1600w, https:\/\/medipohealthtravelagency.com\/wp-content\/uploads\/2023\/04\/about-us-banner-desktop-1-300x94.jpg 300w, https:\/\/medipohealthtravelagency.com\/wp-content\/uploads\/2023\/04\/about-us-banner-desktop-1-1024x320.jpg 1024w, https:\/\/medipohealthtravelagency.com\/wp-content\/uploads\/2023\/04\/about-us-banner-desktop-1-768x240.jpg 768w, https:\/\/medipohealthtravelagency.com\/wp-content\/uploads\/2023\/04\/about-us-banner-desktop-1-1536x480.jpg 1536w\" sizes=\"(max-width: 1600px) 100vw, 1600px\" \/><div class=\"wp-block-cover__inner-container is-layout-flow wp-block-cover-is-layout-flow\">\n<p class=\"has-text-align-left has-large-font-size\">\u00c0 propos de nous<\/p>\n<\/div><\/div>\n\n\n\n<p><\/p>\n\n\n\n<p><strong><em>Medipo Health Travel Agency est une organisation interm\u00e9diaire professionnelle servant \u00e0 Istanbul avec une \u00e9quipe de m\u00e9decins sp\u00e9cialistes et de personnel de sant\u00e9 travaillant dans des institutions sous contrat pour les patients du monde entier dans leur traitement et leurs\u00a0op\u00e9rations.<\/em><\/strong><\/p>\n","protected":false},"excerpt":{"rendered":"<p>Medipo Health Travel Agency est une organisation interm\u00e9diaire professionnelle servant \u00e0 Istanbul avec une \u00e9quipe de m\u00e9decins sp\u00e9cialistes et de personnel de sant\u00e9 travaillant dans des institutions sous contrat pour les patients du monde entier dans leur traitement et leurs\u00a0op\u00e9rations.<\/p>\n","protected":false},"author":1,"featured_media":0,"parent":0,"menu_order":1,"comment_status":"closed","ping_status":"closed","template":"","meta":{"site-sidebar-layout":"default","site-content-layout":"default","ast-global-header-display":"","ast-main-header-display":"","ast-hfb-above-header-display":"","ast-hfb-below-header-display":"","ast-hfb-mobile-header-display":"","site-post-title":"disabled","ast-breadcrumbs-content":"","ast-featured-img":"","footer-sml-layout":"","theme-transparent-header-meta":"","adv-header-id-meta":"","stick-header-meta":"","header-above-stick-meta":"","header-main-stick-meta":"","header-below-stick-meta":"","footnotes":""},"_links":{"self":[{"href":"https:\/\/medipohealthtravelagency.com\/index.php?rest_route=\/wp\/v2\/pages\/67"}],"collection":[{"href":"https:\/\/medipohealthtravelagency.com\/index.php?rest_route=\/wp\/v2\/pages"}],"about":[{"href":"https:\/\/medipohealthtravelagency.com\/index.php?rest_route=\/wp\/v2\/types\/page"}],"author":[{"embeddable":true,"href":"https:\/\/medipohealthtravelagency.com\/index.php?rest_route=\/wp\/v2\/users\/1"}],"replies":[{"embeddable":true,"href":"https:\/\/medipohealthtravelagency.com\/index.php?rest_route=%2Fwp%2Fv2%2Fcomments&post=67"}],"version-history":[{"count":2,"href":"https:\/\/medipohealthtravelagency.com\/index.php?rest_route=\/wp\/v2\/pages\/67\/revisions"}],"predecessor-version":[{"id":74,"href":"https:\/\/medipohealthtravelagency.com\/index.php?rest_route=\/wp\/v2\/pages\/67\/revisions\/74"}],"wp:attachment":[{"href":"https:\/\/medipohealthtravelagency.com\/index.php?rest_route=%2Fwp%2Fv2%2Fmedia&parent=67"}],"curies":[{"name":"wp","href":"https:\/\/api.w.org\/{rel}","templated":true}]}}