{"id":59,"date":"2023-04-17T23:05:11","date_gmt":"2023-04-17T20:05:11","guid":{"rendered":"https:\/\/medipohealthtravelagency.com\/?page_id=59"},"modified":"2025-04-27T23:41:34","modified_gmt":"2025-04-27T20:41:34","slug":"hakkimizda","status":"publish","type":"page","link":"https:\/\/medipohealthtravelagency.com\/?page_id=59","title":{"rendered":"Hakk\u0131m\u0131zda"},"content":{"rendered":"\n<div class=\"wp-block-cover alignfull\"><span aria-hidden=\"true\" class=\"wp-block-cover__background has-background-dim\"><\/span><img loading=\"lazy\" decoding=\"async\" width=\"1600\" height=\"500\" class=\"wp-block-cover__image-background wp-image-60\" alt=\"\" src=\"https:\/\/medipohealthtravelagency.com\/wp-content\/uploads\/2023\/04\/about-us-banner-desktop-1.jpg\" data-object-fit=\"cover\" srcset=\"https:\/\/medipohealthtravelagency.com\/wp-content\/uploads\/2023\/04\/about-us-banner-desktop-1.jpg 1600w, https:\/\/medipohealthtravelagency.com\/wp-content\/uploads\/2023\/04\/about-us-banner-desktop-1-300x94.jpg 300w, https:\/\/medipohealthtravelagency.com\/wp-content\/uploads\/2023\/04\/about-us-banner-desktop-1-1024x320.jpg 1024w, https:\/\/medipohealthtravelagency.com\/wp-content\/uploads\/2023\/04\/about-us-banner-desktop-1-768x240.jpg 768w, https:\/\/medipohealthtravelagency.com\/wp-content\/uploads\/2023\/04\/about-us-banner-desktop-1-1536x480.jpg 1536w\" sizes=\"(max-width: 1600px) 100vw, 1600px\" \/><div class=\"wp-block-cover__inner-container is-layout-flow wp-block-cover-is-layout-flow\">\n<p class=\"has-text-align-left has-large-font-size\">Hakk\u0131m\u0131zda<\/p>\n<\/div><\/div>\n\n\n\n<p><\/p>\n\n\n\n<p><strong><em>Medipo Health Travel Agency, d\u00fcnyan\u0131n d\u00f6rt bir yan\u0131ndaki hastalar i\u00e7in tedavilerinde ve operasyonlar\u0131nda anla\u015fmal\u0131 oldu\u011fu kurumlarda g\u00f6rev yapan uzman doktor ve sa\u011fl\u0131k personellerinden olu\u015fan ekip ile \u0130stanbul\u2019da hizmet veren profesyonel bir arac\u0131 kurulu\u015ftur.<\/em><\/strong><\/p>\n","protected":false},"excerpt":{"rendered":"<p>Medipo Health Travel Agency, d\u00fcnyan\u0131n d\u00f6rt bir yan\u0131ndaki hastalar i\u00e7in tedavilerinde ve operasyonlar\u0131nda anla\u015fmal\u0131 oldu\u011fu kurumlarda g\u00f6rev yapan uzman doktor ve sa\u011fl\u0131k personellerinden olu\u015fan ekip ile \u0130stanbul\u2019da hizmet veren profesyonel bir arac\u0131 kurulu\u015ftur.<\/p>\n","protected":false},"author":1,"featured_media":0,"parent":0,"menu_order":1,"comment_status":"closed","ping_status":"closed","template":"","meta":{"site-sidebar-layout":"default","site-content-layout":"default","ast-global-header-display":"","ast-main-header-display":"","ast-hfb-above-header-display":"","ast-hfb-below-header-display":"","ast-hfb-mobile-header-display":"","site-post-title":"disabled","ast-breadcrumbs-content":"","ast-featured-img":"","footer-sml-layout":"","theme-transparent-header-meta":"","adv-header-id-meta":"","stick-header-meta":"","header-above-stick-meta":"","header-main-stick-meta":"","header-below-stick-meta":"","footnotes":""},"_links":{"self":[{"href":"https:\/\/medipohealthtravelagency.com\/index.php?rest_route=\/wp\/v2\/pages\/59"}],"collection":[{"href":"https:\/\/medipohealthtravelagency.com\/index.php?rest_route=\/wp\/v2\/pages"}],"about":[{"href":"https:\/\/medipohealthtravelagency.com\/index.php?rest_route=\/wp\/v2\/types\/page"}],"author":[{"embeddable":true,"href":"https:\/\/medipohealthtravelagency.com\/index.php?rest_route=\/wp\/v2\/users\/1"}],"replies":[{"embeddable":true,"href":"https:\/\/medipohealthtravelagency.com\/index.php?rest_route=%2Fwp%2Fv2%2Fcomments&post=59"}],"version-history":[{"count":7,"href":"https:\/\/medipohealthtravelagency.com\/index.php?rest_route=\/wp\/v2\/pages\/59\/revisions"}],"predecessor-version":[{"id":89,"href":"https:\/\/medipohealthtravelagency.com\/index.php?rest_route=\/wp\/v2\/pages\/59\/revisions\/89"}],"wp:attachment":[{"href":"https:\/\/medipohealthtravelagency.com\/index.php?rest_route=%2Fwp%2Fv2%2Fmedia&parent=59"}],"curies":[{"name":"wp","href":"https:\/\/api.w.org\/{rel}","templated":true}]}}