{"id":33,"date":"2023-04-15T13:28:18","date_gmt":"2023-04-15T10:28:18","guid":{"rendered":"http:\/\/medipohealthtravelagency.com\/?page_id=33"},"modified":"2023-04-17T23:08:27","modified_gmt":"2023-04-17T20:08:27","slug":"anlasmali-kurumlar","status":"publish","type":"page","link":"https:\/\/medipohealthtravelagency.com\/?page_id=33","title":{"rendered":"Anla\u015fmal\u0131 Kurumlar"},"content":{"rendered":"\n<div class=\"wp-block-cover alignfull\" style=\"padding-top:var(--wp--preset--spacing--40);padding-right:var(--wp--preset--spacing--40);padding-bottom:var(--wp--preset--spacing--40);padding-left:var(--wp--preset--spacing--40)\"><span aria-hidden=\"true\" class=\"wp-block-cover__background has-background-dim\"><\/span><img loading=\"lazy\" decoding=\"async\" width=\"1733\" height=\"1153\" class=\"wp-block-cover__image-background wp-image-9\" alt=\"\" src=\"https:\/\/medipohealthtravelagency.com\/wp-content\/uploads\/2023\/04\/Handshake-Depositphotos.jpg\" style=\"object-position:49% 79%\" data-object-fit=\"cover\" data-object-position=\"49% 79%\" srcset=\"https:\/\/medipohealthtravelagency.com\/wp-content\/uploads\/2023\/04\/Handshake-Depositphotos.jpg 1733w, https:\/\/medipohealthtravelagency.com\/wp-content\/uploads\/2023\/04\/Handshake-Depositphotos-300x200.jpg 300w, https:\/\/medipohealthtravelagency.com\/wp-content\/uploads\/2023\/04\/Handshake-Depositphotos-1024x681.jpg 1024w, https:\/\/medipohealthtravelagency.com\/wp-content\/uploads\/2023\/04\/Handshake-Depositphotos-768x511.jpg 768w, https:\/\/medipohealthtravelagency.com\/wp-content\/uploads\/2023\/04\/Handshake-Depositphotos-1536x1022.jpg 1536w\" sizes=\"(max-width: 1733px) 100vw, 1733px\" \/><div class=\"wp-block-cover__inner-container is-layout-flow wp-block-cover-is-layout-flow\">\n<p class=\"has-text-align-center has-large-font-size\"><\/p>\n<\/div><\/div>\n\n\n\n<p><\/p>\n\n\n\n<p><a rel=\"noreferrer noopener\" href=\"https:\/\/ozkayatipmerkezi.com\/\" data-type=\"URL\" data-id=\"https:\/\/ozkayatipmerkezi.com\/\" target=\"_blank\">\u00d6<\/a><a rel=\"noreferrer noopener\" href=\"https:\/\/ozkayatipmerkezi.com\/\" data-type=\"URL\" data-id=\"https:\/\/ozkayatipmerkezi.com\/\" target=\"_blank\">z<\/a><a rel=\"noreferrer noopener\" href=\"https:\/\/ozkayatipmerkezi.com\/\" data-type=\"URL\" data-id=\"https:\/\/ozkayatipmerkezi.com\/\" target=\"_blank\">e<\/a><a rel=\"noreferrer noopener\" href=\"https:\/\/ozkayatipmerkezi.com\/\" data-type=\"URL\" data-id=\"https:\/\/ozkayatipmerkezi.com\/\" target=\"_blank\">l<\/a><a rel=\"noreferrer noopener\" href=\"https:\/\/ozkayatipmerkezi.com\/\" data-type=\"URL\" data-id=\"https:\/\/ozkayatipmerkezi.com\/\" target=\"_blank\"> <\/a><a rel=\"noreferrer noopener\" href=\"https:\/\/ozkayatipmerkezi.com\/\" data-type=\"URL\" data-id=\"https:\/\/ozkayatipmerkezi.com\/\" target=\"_blank\">\u00d6<\/a><a rel=\"noreferrer noopener\" href=\"https:\/\/ozkayatipmerkezi.com\/\" data-type=\"URL\" data-id=\"https:\/\/ozkayatipmerkezi.com\/\" target=\"_blank\">z<\/a><a rel=\"noreferrer noopener\" href=\"https:\/\/ozkayatipmerkezi.com\/\" data-type=\"URL\" data-id=\"https:\/\/ozkayatipmerkezi.com\/\" target=\"_blank\">k<\/a><a rel=\"noreferrer noopener\" href=\"https:\/\/ozkayatipmerkezi.com\/\" data-type=\"URL\" data-id=\"https:\/\/ozkayatipmerkezi.com\/\" target=\"_blank\">a<\/a><a rel=\"noreferrer noopener\" href=\"https:\/\/ozkayatipmerkezi.com\/\" data-type=\"URL\" data-id=\"https:\/\/ozkayatipmerkezi.com\/\" target=\"_blank\">y<\/a><a rel=\"noreferrer noopener\" href=\"https:\/\/ozkayatipmerkezi.com\/\" data-type=\"URL\" data-id=\"https:\/\/ozkayatipmerkezi.com\/\" target=\"_blank\">a<\/a><a rel=\"noreferrer noopener\" href=\"https:\/\/ozkayatipmerkezi.com\/\" data-type=\"URL\" data-id=\"https:\/\/ozkayatipmerkezi.com\/\" target=\"_blank\"> <\/a><a rel=\"noreferrer noopener\" href=\"https:\/\/ozkayatipmerkezi.com\/\" data-type=\"URL\" data-id=\"https:\/\/ozkayatipmerkezi.com\/\" target=\"_blank\">T<\/a><a rel=\"noreferrer noopener\" href=\"https:\/\/ozkayatipmerkezi.com\/\" data-type=\"URL\" data-id=\"https:\/\/ozkayatipmerkezi.com\/\" target=\"_blank\">\u0131<\/a><a rel=\"noreferrer noopener\" href=\"https:\/\/ozkayatipmerkezi.com\/\" data-type=\"URL\" data-id=\"https:\/\/ozkayatipmerkezi.com\/\" target=\"_blank\">p<\/a><a rel=\"noreferrer noopener\" href=\"https:\/\/ozkayatipmerkezi.com\/\" data-type=\"URL\" data-id=\"https:\/\/ozkayatipmerkezi.com\/\" target=\"_blank\"> <\/a><a rel=\"noreferrer noopener\" href=\"https:\/\/ozkayatipmerkezi.com\/\" data-type=\"URL\" data-id=\"https:\/\/ozkayatipmerkezi.com\/\" target=\"_blank\">M<\/a><a rel=\"noreferrer noopener\" href=\"https:\/\/ozkayatipmerkezi.com\/\" data-type=\"URL\" data-id=\"https:\/\/ozkayatipmerkezi.com\/\" target=\"_blank\">e<\/a><a rel=\"noreferrer noopener\" href=\"https:\/\/ozkayatipmerkezi.com\/\" data-type=\"URL\" data-id=\"https:\/\/ozkayatipmerkezi.com\/\" target=\"_blank\">r<\/a><a rel=\"noreferrer noopener\" href=\"https:\/\/ozkayatipmerkezi.com\/\" data-type=\"URL\" data-id=\"https:\/\/ozkayatipmerkezi.com\/\" target=\"_blank\">k<\/a><a rel=\"noreferrer noopener\" href=\"https:\/\/ozkayatipmerkezi.com\/\" data-type=\"URL\" data-id=\"https:\/\/ozkayatipmerkezi.com\/\" target=\"_blank\">e<\/a><a rel=\"noreferrer noopener\" href=\"https:\/\/ozkayatipmerkezi.com\/\" data-type=\"URL\" data-id=\"https:\/\/ozkayatipmerkezi.com\/\" target=\"_blank\">z<\/a><a href=\"https:\/\/ozkayatipmerkezi.com\/\" data-type=\"URL\" data-id=\"https:\/\/ozkayatipmerkezi.com\/\" target=\"_blank\" rel=\"noreferrer noopener\">i<\/a><\/p>\n\n\n\n<p><a href=\"https:\/\/atakent.com\/kocaeli-atakent-cihan-hastanesi\/\" data-type=\"URL\" data-id=\"https:\/\/atakent.com\/kocaeli-atakent-cihan-hastanesi\/\" target=\"_blank\" rel=\"noreferrer noopener\">\u00d6zel Atakent Cihan Hastanesi<\/a><\/p>\n\n\n\n<p><a rel=\"noreferrer noopener\" href=\"https:\/\/www.medicalpark.com.tr\/gebze-hastanesi\/h-7\" data-type=\"URL\" data-id=\"https:\/\/www.medicalpark.com.tr\/gebze-hastanesi\/h-7\" target=\"_blank\">Medicalpark G<\/a><a href=\"https:\/\/www.medicalpark.com.tr\/gebze-hastanesi\/h-7\" data-type=\"URL\" data-id=\"https:\/\/www.medicalpark.com.tr\/gebze-hastanesi\/h-7\" target=\"_blank\" rel=\"noreferrer noopener\">ebze Hastanesi<\/a><\/p>\n","protected":false},"excerpt":{"rendered":"<p>\u00d6zel \u00d6zkaya T\u0131p Merkezi \u00d6zel Atakent Cihan Hastanesi Medicalpark Gebze Hastanesi<\/p>\n","protected":false},"author":1,"featured_media":0,"parent":0,"menu_order":2,"comment_status":"closed","ping_status":"closed","template":"","meta":{"site-sidebar-layout":"default","site-content-layout":"default","ast-global-header-display":"","ast-main-header-display":"","ast-hfb-above-header-display":"","ast-hfb-below-header-display":"","ast-hfb-mobile-header-display":"","site-post-title":"disabled","ast-breadcrumbs-content":"","ast-featured-img":"","footer-sml-layout":"","theme-transparent-header-meta":"","adv-header-id-meta":"","stick-header-meta":"","header-above-stick-meta":"","header-main-stick-meta":"","header-below-stick-meta":"","footnotes":""},"_links":{"self":[{"href":"https:\/\/medipohealthtravelagency.com\/index.php?rest_route=\/wp\/v2\/pages\/33"}],"collection":[{"href":"https:\/\/medipohealthtravelagency.com\/index.php?rest_route=\/wp\/v2\/pages"}],"about":[{"href":"https:\/\/medipohealthtravelagency.com\/index.php?rest_route=\/wp\/v2\/types\/page"}],"author":[{"embeddable":true,"href":"https:\/\/medipohealthtravelagency.com\/index.php?rest_route=\/wp\/v2\/users\/1"}],"replies":[{"embeddable":true,"href":"https:\/\/medipohealthtravelagency.com\/index.php?rest_route=%2Fwp%2Fv2%2Fcomments&post=33"}],"version-history":[{"count":2,"href":"https:\/\/medipohealthtravelagency.com\/index.php?rest_route=\/wp\/v2\/pages\/33\/revisions"}],"predecessor-version":[{"id":81,"href":"https:\/\/medipohealthtravelagency.com\/index.php?rest_route=\/wp\/v2\/pages\/33\/revisions\/81"}],"wp:attachment":[{"href":"https:\/\/medipohealthtravelagency.com\/index.php?rest_route=%2Fwp%2Fv2%2Fmedia&parent=33"}],"curies":[{"name":"wp","href":"https:\/\/api.w.org\/{rel}","templated":true}]}}