{"id":24,"date":"2023-04-15T10:05:28","date_gmt":"2023-04-15T07:05:28","guid":{"rendered":"http:\/\/medipohealthtravelagency.com\/?page_id=24"},"modified":"2023-04-18T10:44:42","modified_gmt":"2023-04-18T07:44:42","slug":"anasayfa-francais","status":"publish","type":"page","link":"https:\/\/medipohealthtravelagency.com\/?lang=fr","title":{"rendered":"Page d&#8217;accueil"},"content":{"rendered":"\n<div class=\"wp-block-cover alignfull is-light\"><span aria-hidden=\"true\" class=\"wp-block-cover__background has-background-dim\"><\/span><img loading=\"lazy\" decoding=\"async\" width=\"724\" height=\"394\" class=\"wp-block-cover__image-background wp-image-4\" alt=\"\" src=\"https:\/\/medipohealthtravelagency.com\/wp-content\/uploads\/2023\/04\/manzara-fotografi-cekmek-724x394-1.webp\" data-object-fit=\"cover\" srcset=\"https:\/\/medipohealthtravelagency.com\/wp-content\/uploads\/2023\/04\/manzara-fotografi-cekmek-724x394-1.webp 724w, https:\/\/medipohealthtravelagency.com\/wp-content\/uploads\/2023\/04\/manzara-fotografi-cekmek-724x394-1-300x163.webp 300w\" sizes=\"(max-width: 724px) 100vw, 724px\" \/><div class=\"wp-block-cover__inner-container is-layout-flow wp-block-cover-is-layout-flow\">\n<p class=\"has-text-align-center has-large-font-size\"><\/p>\n<\/div><\/div>\n\n\n\n<blockquote class=\"wp-block-quote\">\n<p><strong><em><strong><em>Medipo Health Travel propose un service d&#8217;interm\u00e9diation en tourisme de sant\u00e9 et vous met en relation avec les meilleurs m\u00e9decins et h\u00f4pitaux. Contactez-nous pour un voyage en toute s\u00e9curit\u00e9 et de bons r\u00e9sultats.<\/em><\/strong><\/em><\/strong><\/p>\n<\/blockquote>\n\n\n\n<div class=\"wp-block-cover alignfull is-light\" style=\"min-height:335px\"><span aria-hidden=\"true\" class=\"wp-block-cover__background has-background-dim-100 has-background-dim\" style=\"background-color:#ffffff\"><\/span><div class=\"wp-block-cover__inner-container is-layout-flow wp-block-cover-is-layout-flow\">\n<div class=\"wp-block-media-text alignwide is-stacked-on-mobile is-vertically-aligned-top is-image-fill\"><figure class=\"wp-block-media-text__media\" style=\"background-image:url(https:\/\/medipohealthtravelagency.com\/wp-content\/uploads\/2023\/04\/turizm-30-yil-geriye-gitt_08a0.jpg);background-position:50% 50%\"><img loading=\"lazy\" decoding=\"async\" width=\"638\" height=\"360\" src=\"https:\/\/medipohealthtravelagency.com\/wp-content\/uploads\/2023\/04\/turizm-30-yil-geriye-gitt_08a0.jpg\" alt=\"\" class=\"wp-image-6 size-full\" srcset=\"https:\/\/medipohealthtravelagency.com\/wp-content\/uploads\/2023\/04\/turizm-30-yil-geriye-gitt_08a0.jpg 638w, https:\/\/medipohealthtravelagency.com\/wp-content\/uploads\/2023\/04\/turizm-30-yil-geriye-gitt_08a0-300x169.jpg 300w\" sizes=\"(max-width: 638px) 100vw, 638px\" \/><\/figure><div class=\"wp-block-media-text__content\">\n<h2 class=\"wp-block-heading has-text-color\" style=\"color:#000000;font-size:32px\"><strong>Qu\u2019est-ce que le tourisme de sant\u00e9?<\/strong><\/h2>\n\n\n\n<p class=\"has-ast-global-color-2-color has-text-color\">Le tourisme de sant\u00e9 est d\u00e9fini comme la visite de personnes dans un pays autre que leur pays de r\u00e9sidence dans le but d\u2019obtenir des services pr\u00e9ventifs, curatifs et de promotion de la sant\u00e9.<\/p>\n\n\n\n<p class=\"has-ast-global-color-2-color has-text-color\">Dans notre pays, tous les types de services de sant\u00e9 re\u00e7us par des personnes qui ne r\u00e9sident pas en Turquie et qui viennent de l\u2019\u00e9tranger pour une p\u00e9riode temporaire \u00e0 des fins de sant\u00e9 et les services de soutien \u00e0 fournir \u00e0 cet \u00e9gard sont consid\u00e9r\u00e9s comme relevant du tourisme de sant\u00e9.<\/p>\n<\/div><\/div>\n<\/div><\/div>\n\n\n\n<div class=\"wp-block-media-text has-media-on-the-right is-stacked-on-mobile is-vertically-aligned-center is-image-fill\"><div class=\"wp-block-media-text__content\">\n<h2 class=\"wp-block-heading alignfull\"><strong>Pourquoi la Turquie?<\/strong><\/h2>\n\n\n\n<p>Notre \u00e9quipe planifie votre traitement avec les \u00e9tablissements de sant\u00e9 que nous avons contract\u00e9s en fonction de vos attentes avant votre arriv\u00e9e en Turquie. Nous faisons des r\u00e9servations \u00e0 l\u2019h\u00f4tel de votre choix pour un s\u00e9jour confortable et s\u00fbr. Lorsque vous arrivez dans notre pays, nos v\u00e9hicules VIP vous attendront et vous assisteront jusqu\u2019\u00e0 votre h\u00f4tel. La seule chose qui vous reste pour faire votre traitement est de profiter et d\u2019explorer notre fascinante Istanbul! Une fois votre traitement et votre voyage termin\u00e9s, nous veillons \u00e0 ce que vous rentriez chez vous heureux.<\/p>\n\n\n\n<p>Nous facilitons votre recherche de soins de sant\u00e9 de haute qualit\u00e9, raccourcissons les temps d\u2019attente et Nous offrons les meilleures m\u00e9thodes de traitement \u00e0 des prix abordables dans nos \u00e9tablissements de sant\u00e9 sous contrat.<\/p>\n<\/div><figure class=\"wp-block-media-text__media\" style=\"background-image:url(https:\/\/medipohealthtravelagency.com\/wp-content\/uploads\/2023\/04\/Turkey-1024x267.jpg);background-position:11% 52%\"><img loading=\"lazy\" decoding=\"async\" width=\"1024\" height=\"267\" src=\"https:\/\/medipohealthtravelagency.com\/wp-content\/uploads\/2023\/04\/Turkey-1024x267.jpg\" alt=\"\" class=\"wp-image-7 size-full\" srcset=\"https:\/\/medipohealthtravelagency.com\/wp-content\/uploads\/2023\/04\/Turkey-1024x267.jpg 1024w, https:\/\/medipohealthtravelagency.com\/wp-content\/uploads\/2023\/04\/Turkey-300x78.jpg 300w, https:\/\/medipohealthtravelagency.com\/wp-content\/uploads\/2023\/04\/Turkey-768x201.jpg 768w, https:\/\/medipohealthtravelagency.com\/wp-content\/uploads\/2023\/04\/Turkey.jpg 1210w\" sizes=\"(max-width: 1024px) 100vw, 1024px\" \/><\/figure><\/div>\n\n\n\n<p><\/p>\n","protected":false},"excerpt":{"rendered":"<p>Medipo Health Travel propose un service d&#8217;interm\u00e9diation en tourisme de sant\u00e9 et vous met en relation avec les meilleurs m\u00e9decins et h\u00f4pitaux. Contactez-nous pour un voyage en toute s\u00e9curit\u00e9 et de bons r\u00e9sultats. Pourquoi la Turquie? Notre \u00e9quipe planifie votre traitement avec les \u00e9tablissements de sant\u00e9 que nous avons contract\u00e9s en fonction de vos attentes &hellip;<\/p>\n<p class=\"read-more\"> <a class=\"\" href=\"https:\/\/medipohealthtravelagency.com\/?lang=fr\"> <span class=\"screen-reader-text\">Page d&#8217;accueil<\/span> Read More &raquo;<\/a><\/p>\n","protected":false},"author":1,"featured_media":0,"parent":0,"menu_order":0,"comment_status":"closed","ping_status":"closed","template":"","meta":{"site-sidebar-layout":"default","site-content-layout":"default","ast-global-header-display":"","ast-main-header-display":"","ast-hfb-above-header-display":"","ast-hfb-below-header-display":"","ast-hfb-mobile-header-display":"","site-post-title":"disabled","ast-breadcrumbs-content":"","ast-featured-img":"","footer-sml-layout":"","theme-transparent-header-meta":"","adv-header-id-meta":"","stick-header-meta":"","header-above-stick-meta":"","header-main-stick-meta":"","header-below-stick-meta":"","footnotes":""},"_links":{"self":[{"href":"https:\/\/medipohealthtravelagency.com\/index.php?rest_route=\/wp\/v2\/pages\/24"}],"collection":[{"href":"https:\/\/medipohealthtravelagency.com\/index.php?rest_route=\/wp\/v2\/pages"}],"about":[{"href":"https:\/\/medipohealthtravelagency.com\/index.php?rest_route=\/wp\/v2\/types\/page"}],"author":[{"embeddable":true,"href":"https:\/\/medipohealthtravelagency.com\/index.php?rest_route=\/wp\/v2\/users\/1"}],"replies":[{"embeddable":true,"href":"https:\/\/medipohealthtravelagency.com\/index.php?rest_route=%2Fwp%2Fv2%2Fcomments&post=24"}],"version-history":[{"count":6,"href":"https:\/\/medipohealthtravelagency.com\/index.php?rest_route=\/wp\/v2\/pages\/24\/revisions"}],"predecessor-version":[{"id":79,"href":"https:\/\/medipohealthtravelagency.com\/index.php?rest_route=\/wp\/v2\/pages\/24\/revisions\/79"}],"wp:attachment":[{"href":"https:\/\/medipohealthtravelagency.com\/index.php?rest_route=%2Fwp%2Fv2%2Fmedia&parent=24"}],"curies":[{"name":"wp","href":"https:\/\/api.w.org\/{rel}","templated":true}]}}