{"id":14,"date":"2023-04-15T10:00:24","date_gmt":"2023-04-15T10:00:24","guid":{"rendered":"http:\/\/medipohealthtravelagency.com\/?page_id=14"},"modified":"2023-04-18T10:44:12","modified_gmt":"2023-04-18T07:44:12","slug":"anasayfa","status":"publish","type":"page","link":"https:\/\/medipohealthtravelagency.com\/","title":{"rendered":"Anasayfa"},"content":{"rendered":"\n<div class=\"wp-block-cover alignfull is-light\"><span aria-hidden=\"true\" class=\"wp-block-cover__background has-background-dim\"><\/span><img loading=\"lazy\" decoding=\"async\" width=\"724\" height=\"394\" class=\"wp-block-cover__image-background wp-image-4\" alt=\"\" src=\"https:\/\/medipohealthtravelagency.com\/wp-content\/uploads\/2023\/04\/manzara-fotografi-cekmek-724x394-1.webp\" data-object-fit=\"cover\" srcset=\"https:\/\/medipohealthtravelagency.com\/wp-content\/uploads\/2023\/04\/manzara-fotografi-cekmek-724x394-1.webp 724w, https:\/\/medipohealthtravelagency.com\/wp-content\/uploads\/2023\/04\/manzara-fotografi-cekmek-724x394-1-300x163.webp 300w\" sizes=\"(max-width: 724px) 100vw, 724px\" \/><div class=\"wp-block-cover__inner-container is-layout-flow wp-block-cover-is-layout-flow\">\n<p class=\"has-text-align-center has-large-font-size\"><\/p>\n<\/div><\/div>\n\n\n\n<blockquote class=\"wp-block-quote\">\n<p><strong><em>Medipo Health Travel sa\u011fl\u0131k turizmi arac\u0131 kurum hizmeti vererek sizi en iyi doktor ve hastanelerle bulu\u015fturur. G\u00fcvenli bir yolculuk ve g\u00fczel sonu\u00e7lar i\u00e7in bize ula\u015f\u0131n.<\/em><\/strong><\/p>\n<\/blockquote>\n\n\n\n<div class=\"wp-block-cover alignfull is-light\" style=\"min-height:335px\"><span aria-hidden=\"true\" class=\"wp-block-cover__background has-background-dim-100 has-background-dim\" style=\"background-color:#ffffff\"><\/span><div class=\"wp-block-cover__inner-container is-layout-flow wp-block-cover-is-layout-flow\">\n<div class=\"wp-block-media-text alignwide is-stacked-on-mobile is-vertically-aligned-top is-image-fill\"><figure class=\"wp-block-media-text__media\" style=\"background-image:url(https:\/\/medipohealthtravelagency.com\/wp-content\/uploads\/2023\/04\/turizm-30-yil-geriye-gitt_08a0.jpg);background-position:50% 50%\"><img loading=\"lazy\" decoding=\"async\" width=\"638\" height=\"360\" src=\"https:\/\/medipohealthtravelagency.com\/wp-content\/uploads\/2023\/04\/turizm-30-yil-geriye-gitt_08a0.jpg\" alt=\"\" class=\"wp-image-6 size-full\" srcset=\"https:\/\/medipohealthtravelagency.com\/wp-content\/uploads\/2023\/04\/turizm-30-yil-geriye-gitt_08a0.jpg 638w, https:\/\/medipohealthtravelagency.com\/wp-content\/uploads\/2023\/04\/turizm-30-yil-geriye-gitt_08a0-300x169.jpg 300w\" sizes=\"(max-width: 638px) 100vw, 638px\" \/><\/figure><div class=\"wp-block-media-text__content\">\n<h2 class=\"wp-block-heading has-text-color\" style=\"color:#000000;font-size:32px\"><strong>Sa\u011fl\u0131k Turizmi Nedir?<\/strong><\/h2>\n\n\n\n<p class=\"has-ast-global-color-2-color has-text-color\">Sa\u011fl\u0131k turizmi, ki\u015filerin koruyucu, tedavi edici, sa\u011fl\u0131\u011f\u0131 geli\u015ftirici hizmetleri almak ama\u00e7lar\u0131 ile ya\u015fad\u0131klar\u0131 \u00fclke d\u0131\u015f\u0131nda bir \u00fclkeye ziyaretleri olarak tan\u0131mlanmaktad\u0131r.<\/p>\n\n\n\n<p class=\"has-ast-global-color-2-color has-text-color\">\u00dclkemizde de sa\u011fl\u0131k ama\u00e7l\u0131 olarak yurtd\u0131\u015f\u0131ndan \u00fclkemize ge\u00e7ici bir s\u00fcreli\u011fine gelen T\u00fcrkiye Cumhuriyeti vatanda\u015f\u0131 olmayan veya T\u00fcrkiye Cumhuriyeti vatanda\u015f\u0131 olmakla birlikte yurtd\u0131\u015f\u0131nda ikamet eden ger\u00e7ek ki\u015filerin ald\u0131klar\u0131 her t\u00fcrl\u00fc sa\u011fl\u0131k hizmeti ile bunlarla ilgili olarak verilecek destek hizmetleri sa\u011fl\u0131k turizmi kapsam\u0131nda de\u011ferlendirilmektedir.<\/p>\n<\/div><\/div>\n<\/div><\/div>\n\n\n\n<div class=\"wp-block-media-text has-media-on-the-right is-stacked-on-mobile is-vertically-aligned-center is-image-fill\"><div class=\"wp-block-media-text__content\">\n<h2 class=\"wp-block-heading alignfull\"><strong>Neden T\u00fcrkiye?<\/strong><\/h2>\n\n\n\n<p>Ekibimiz siz T\u00fcrkiye&#8217;ye gelmeden \u00f6nce beklentilerinize g\u00f6re anla\u015fmal\u0131 oldu\u011fumuz sa\u011fl\u0131k kurulu\u015flar\u0131yla beraber tedavinizi planlar. Konforlu ve g\u00fcvenli bir konaklama ge\u00e7irmeniz i\u00e7in tercih etti\u011finiz otelde rezervasyon yapt\u0131r\u0131yoruz. \u00dclkemize vard\u0131\u011f\u0131n\u0131zda VIP ara\u00e7lar\u0131m\u0131z sizi kar\u015f\u0131lar ve otelinize kadar yard\u0131mc\u0131 olur. Tedavinizi yapt\u0131r\u0131rken size kalan tek \u015fey b\u00fcy\u00fcleyici \u0130stanbul\u2019umuzun tad\u0131n\u0131 \u00e7\u0131karmak ve ke\u015ffetmek! Tedaviniz ve seyahatiniz tamamland\u0131ktan sonra evinize mutlu bir \u015fekilde d\u00f6nmenizi sa\u011fl\u0131yoruz.<\/p>\n\n\n\n<p>Y\u00fcksek kaliteli sa\u011fl\u0131k hizmeti araman\u0131z\u0131 kolayla\u015ft\u0131r\u0131yor, bekleme s\u00fcrelerini k\u0131salt\u0131yor ve anla\u015fmal\u0131 oldu\u011fumuz sa\u011fl\u0131k kurumlar\u0131ndaki en iyi tedavi y\u00f6ntemlerini uygun fiyatlarla sunuyoruz.<\/p>\n<\/div><figure class=\"wp-block-media-text__media\" style=\"background-image:url(https:\/\/medipohealthtravelagency.com\/wp-content\/uploads\/2023\/04\/Turkey-1024x267.jpg);background-position:11% 52%\"><img loading=\"lazy\" decoding=\"async\" width=\"1024\" height=\"267\" src=\"https:\/\/medipohealthtravelagency.com\/wp-content\/uploads\/2023\/04\/Turkey-1024x267.jpg\" alt=\"\" class=\"wp-image-7 size-full\" srcset=\"https:\/\/medipohealthtravelagency.com\/wp-content\/uploads\/2023\/04\/Turkey-1024x267.jpg 1024w, https:\/\/medipohealthtravelagency.com\/wp-content\/uploads\/2023\/04\/Turkey-300x78.jpg 300w, https:\/\/medipohealthtravelagency.com\/wp-content\/uploads\/2023\/04\/Turkey-768x201.jpg 768w, https:\/\/medipohealthtravelagency.com\/wp-content\/uploads\/2023\/04\/Turkey.jpg 1210w\" sizes=\"(max-width: 1024px) 100vw, 1024px\" \/><\/figure><\/div>\n","protected":false},"excerpt":{"rendered":"<p>Medipo Health Travel sa\u011fl\u0131k turizmi arac\u0131 kurum hizmeti vererek sizi en iyi doktor ve hastanelerle bulu\u015fturur. G\u00fcvenli bir yolculuk ve g\u00fczel sonu\u00e7lar i\u00e7in bize ula\u015f\u0131n. Neden T\u00fcrkiye? Ekibimiz siz T\u00fcrkiye&#8217;ye gelmeden \u00f6nce beklentilerinize g\u00f6re anla\u015fmal\u0131 oldu\u011fumuz sa\u011fl\u0131k kurulu\u015flar\u0131yla beraber tedavinizi planlar. Konforlu ve g\u00fcvenli bir konaklama ge\u00e7irmeniz i\u00e7in tercih etti\u011finiz otelde rezervasyon yapt\u0131r\u0131yoruz. \u00dclkemize vard\u0131\u011f\u0131n\u0131zda &hellip;<\/p>\n<p class=\"read-more\"> <a class=\"\" href=\"https:\/\/medipohealthtravelagency.com\/\"> <span class=\"screen-reader-text\">Anasayfa<\/span> Read More &raquo;<\/a><\/p>\n","protected":false},"author":1,"featured_media":0,"parent":0,"menu_order":0,"comment_status":"closed","ping_status":"closed","template":"","meta":{"site-sidebar-layout":"default","site-content-layout":"default","ast-global-header-display":"","ast-main-header-display":"","ast-hfb-above-header-display":"","ast-hfb-below-header-display":"","ast-hfb-mobile-header-display":"","site-post-title":"disabled","ast-breadcrumbs-content":"","ast-featured-img":"","footer-sml-layout":"","theme-transparent-header-meta":"","adv-header-id-meta":"","stick-header-meta":"","header-above-stick-meta":"","header-main-stick-meta":"","header-below-stick-meta":"","footnotes":""},"_links":{"self":[{"href":"https:\/\/medipohealthtravelagency.com\/index.php?rest_route=\/wp\/v2\/pages\/14"}],"collection":[{"href":"https:\/\/medipohealthtravelagency.com\/index.php?rest_route=\/wp\/v2\/pages"}],"about":[{"href":"https:\/\/medipohealthtravelagency.com\/index.php?rest_route=\/wp\/v2\/types\/page"}],"author":[{"embeddable":true,"href":"https:\/\/medipohealthtravelagency.com\/index.php?rest_route=\/wp\/v2\/users\/1"}],"replies":[{"embeddable":true,"href":"https:\/\/medipohealthtravelagency.com\/index.php?rest_route=%2Fwp%2Fv2%2Fcomments&post=14"}],"version-history":[{"count":3,"href":"https:\/\/medipohealthtravelagency.com\/index.php?rest_route=\/wp\/v2\/pages\/14\/revisions"}],"predecessor-version":[{"id":77,"href":"https:\/\/medipohealthtravelagency.com\/index.php?rest_route=\/wp\/v2\/pages\/14\/revisions\/77"}],"wp:attachment":[{"href":"https:\/\/medipohealthtravelagency.com\/index.php?rest_route=%2Fwp%2Fv2%2Fmedia&parent=14"}],"curies":[{"name":"wp","href":"https:\/\/api.w.org\/{rel}","templated":true}]}}